{"id":83,"date":"2019-08-12T20:03:19","date_gmt":"2019-08-12T23:03:19","guid":{"rendered":"https:\/\/lilliansalgado.com.br\/site\/?page_id=83"},"modified":"2020-03-31T23:10:53","modified_gmt":"2020-04-01T02:10:53","slug":"area-de-atuacao","status":"publish","type":"page","link":"https:\/\/lilliansalgado.com.br\/site\/area-de-atuacao\/","title":{"rendered":"\u00c1rea de atua\u00e7\u00e3o"},"content":{"rendered":"<p>[et_pb_section bb_built=&#8221;1&#8243; specialty=&#8221;on&#8221; inner_width_tablet=&#8221;50px&#8221; inner_max_width_tablet=&#8221;100px&#8221; inner_max_width_phone=&#8221;50px&#8221; _builder_version=&#8221;3.25.4&#8243; background_color=&#8221;#5b5b5f&#8221; box_shadow_horizontal_tablet=&#8221;0px&#8221; box_shadow_vertical_tablet=&#8221;0px&#8221; box_shadow_blur_tablet=&#8221;40px&#8221; box_shadow_spread_tablet=&#8221;0px&#8221; z_index_tablet=&#8221;500&#8243;][et_pb_column type=&#8221;1_3&#8243;][et_pb_sidebar _builder_version=&#8221;3.25.4&#8243; area=&#8221;sidebar-7&#8243; text_shadow_horizontal_length=&#8221;text_shadow_style,%91object Object%93&#8243; text_shadow_horizontal_length_tablet=&#8221;0px&#8221; text_shadow_vertical_length=&#8221;text_shadow_style,%91object Object%93&#8243; text_shadow_vertical_length_tablet=&#8221;0px&#8221; text_shadow_blur_strength=&#8221;text_shadow_style,%91object Object%93&#8243; text_shadow_blur_strength_tablet=&#8221;1px&#8221; header_text_shadow_horizontal_length=&#8221;header_text_shadow_style,%91object Object%93&#8243; header_text_shadow_horizontal_length_tablet=&#8221;0px&#8221; header_text_shadow_vertical_length=&#8221;header_text_shadow_style,%91object Object%93&#8243; header_text_shadow_vertical_length_tablet=&#8221;0px&#8221; header_text_shadow_blur_strength=&#8221;header_text_shadow_style,%91object Object%93&#8243; header_text_shadow_blur_strength_tablet=&#8221;1px&#8221; body_text_shadow_horizontal_length=&#8221;body_text_shadow_style,%91object Object%93&#8243; body_text_shadow_horizontal_length_tablet=&#8221;0px&#8221; body_text_shadow_vertical_length=&#8221;body_text_shadow_style,%91object Object%93&#8243; body_text_shadow_vertical_length_tablet=&#8221;0px&#8221; body_text_shadow_blur_strength=&#8221;body_text_shadow_style,%91object Object%93&#8243; body_text_shadow_blur_strength_tablet=&#8221;1px&#8221; box_shadow_horizontal_tablet=&#8221;0px&#8221; box_shadow_vertical_tablet=&#8221;0px&#8221; box_shadow_blur_tablet=&#8221;40px&#8221; box_shadow_spread_tablet=&#8221;0px&#8221; z_index_tablet=&#8221;500&#8243; show_border=&#8221;off&#8221; header_text_color=&#8221;#ffffff&#8221; header_font_size=&#8221;22px&#8221; custom_margin=&#8221;|||25px&#8221; body_text_color=&#8221;#ffffff&#8221; body_font_size=&#8221;22px&#8221; body_font=&#8221;Yanone Kaffeesatz|||on|||||&#8221; \/][\/et_pb_column][et_pb_column type=&#8221;2_3&#8243; specialty_columns=&#8221;4&#8243;][et_pb_row_inner _builder_version=&#8221;3.25.4&#8243; box_shadow_horizontal_tablet=&#8221;0px&#8221; box_shadow_vertical_tablet=&#8221;0px&#8221; box_shadow_blur_tablet=&#8221;40px&#8221; box_shadow_spread_tablet=&#8221;0px&#8221; z_index_tablet=&#8221;500&#8243; background_color=&#8221;#d8d9dd&#8221; custom_padding=&#8221;30px|30px|30px|30px&#8221;][et_pb_column_inner type=&#8221;4_4&#8243; saved_specialty_column_type=&#8221;2_3&#8243; custom_padding__hover=&#8221;|||&#8221; custom_padding=&#8221;|||&#8221; saved_specialty_column_type=&#8221;2_3&#8243;][et_pb_text _builder_version=&#8221;3.25.4&#8243; text_text_align=&#8221;justify&#8221; text_text_shadow_horizontal_length=&#8221;text_text_shadow_style,%91object Object%93&#8243; text_text_shadow_horizontal_length_tablet=&#8221;0px&#8221; text_text_shadow_vertical_length=&#8221;text_text_shadow_style,%91object Object%93&#8243; text_text_shadow_vertical_length_tablet=&#8221;0px&#8221; text_text_shadow_blur_strength=&#8221;text_text_shadow_style,%91object Object%93&#8243; text_text_shadow_blur_strength_tablet=&#8221;1px&#8221; link_text_shadow_horizontal_length=&#8221;link_text_shadow_style,%91object Object%93&#8243; link_text_shadow_horizontal_length_tablet=&#8221;0px&#8221; link_text_shadow_vertical_length=&#8221;link_text_shadow_style,%91object Object%93&#8243; link_text_shadow_vertical_length_tablet=&#8221;0px&#8221; link_text_shadow_blur_strength=&#8221;link_text_shadow_style,%91object Object%93&#8243; link_text_shadow_blur_strength_tablet=&#8221;1px&#8221; ul_text_shadow_horizontal_length=&#8221;ul_text_shadow_style,%91object Object%93&#8243; ul_text_shadow_horizontal_length_tablet=&#8221;0px&#8221; ul_text_shadow_vertical_length=&#8221;ul_text_shadow_style,%91object Object%93&#8243; ul_text_shadow_vertical_length_tablet=&#8221;0px&#8221; ul_text_shadow_blur_strength=&#8221;ul_text_shadow_style,%91object Object%93&#8243; ul_text_shadow_blur_strength_tablet=&#8221;1px&#8221; ol_text_shadow_horizontal_length=&#8221;ol_text_shadow_style,%91object Object%93&#8243; ol_text_shadow_horizontal_length_tablet=&#8221;0px&#8221; ol_text_shadow_vertical_length=&#8221;ol_text_shadow_style,%91object Object%93&#8243; ol_text_shadow_vertical_length_tablet=&#8221;0px&#8221; ol_text_shadow_blur_strength=&#8221;ol_text_shadow_style,%91object Object%93&#8243; ol_text_shadow_blur_strength_tablet=&#8221;1px&#8221; quote_text_shadow_horizontal_length=&#8221;quote_text_shadow_style,%91object Object%93&#8243; quote_text_shadow_horizontal_length_tablet=&#8221;0px&#8221; quote_text_shadow_vertical_length=&#8221;quote_text_shadow_style,%91object Object%93&#8243; quote_text_shadow_vertical_length_tablet=&#8221;0px&#8221; quote_text_shadow_blur_strength=&#8221;quote_text_shadow_style,%91object Object%93&#8243; quote_text_shadow_blur_strength_tablet=&#8221;1px&#8221; header_text_shadow_horizontal_length=&#8221;header_text_shadow_style,%91object Object%93&#8243; header_text_shadow_horizontal_length_tablet=&#8221;0px&#8221; header_text_shadow_vertical_length=&#8221;header_text_shadow_style,%91object Object%93&#8243; header_text_shadow_vertical_length_tablet=&#8221;0px&#8221; header_text_shadow_blur_strength=&#8221;header_text_shadow_style,%91object Object%93&#8243; header_text_shadow_blur_strength_tablet=&#8221;1px&#8221; header_2_text_shadow_horizontal_length=&#8221;header_2_text_shadow_style,%91object Object%93&#8243; header_2_text_shadow_horizontal_length_tablet=&#8221;0px&#8221; header_2_text_shadow_vertical_length=&#8221;header_2_text_shadow_style,%91object Object%93&#8243; header_2_text_shadow_vertical_length_tablet=&#8221;0px&#8221; header_2_text_shadow_blur_strength=&#8221;header_2_text_shadow_style,%91object Object%93&#8243; header_2_text_shadow_blur_strength_tablet=&#8221;1px&#8221; header_3_text_shadow_horizontal_length=&#8221;header_3_text_shadow_style,%91object Object%93&#8243; header_3_text_shadow_horizontal_length_tablet=&#8221;0px&#8221; header_3_text_shadow_vertical_length=&#8221;header_3_text_shadow_style,%91object Object%93&#8243; header_3_text_shadow_vertical_length_tablet=&#8221;0px&#8221; header_3_text_shadow_blur_strength=&#8221;header_3_text_shadow_style,%91object Object%93&#8243; header_3_text_shadow_blur_strength_tablet=&#8221;1px&#8221; header_4_text_shadow_horizontal_length=&#8221;header_4_text_shadow_style,%91object Object%93&#8243; header_4_text_shadow_horizontal_length_tablet=&#8221;0px&#8221; header_4_text_shadow_vertical_length=&#8221;header_4_text_shadow_style,%91object Object%93&#8243; header_4_text_shadow_vertical_length_tablet=&#8221;0px&#8221; header_4_text_shadow_blur_strength=&#8221;header_4_text_shadow_style,%91object Object%93&#8243; header_4_text_shadow_blur_strength_tablet=&#8221;1px&#8221; header_5_text_shadow_horizontal_length=&#8221;header_5_text_shadow_style,%91object Object%93&#8243; header_5_text_shadow_horizontal_length_tablet=&#8221;0px&#8221; header_5_text_shadow_vertical_length=&#8221;header_5_text_shadow_style,%91object Object%93&#8243; header_5_text_shadow_vertical_length_tablet=&#8221;0px&#8221; header_5_text_shadow_blur_strength=&#8221;header_5_text_shadow_style,%91object Object%93&#8243; header_5_text_shadow_blur_strength_tablet=&#8221;1px&#8221; header_6_text_shadow_horizontal_length=&#8221;header_6_text_shadow_style,%91object Object%93&#8243; header_6_text_shadow_horizontal_length_tablet=&#8221;0px&#8221; header_6_text_shadow_vertical_length=&#8221;header_6_text_shadow_style,%91object Object%93&#8243; header_6_text_shadow_vertical_length_tablet=&#8221;0px&#8221; header_6_text_shadow_blur_strength=&#8221;header_6_text_shadow_style,%91object Object%93&#8243; header_6_text_shadow_blur_strength_tablet=&#8221;1px&#8221; box_shadow_horizontal_tablet=&#8221;0px&#8221; box_shadow_vertical_tablet=&#8221;0px&#8221; box_shadow_blur_tablet=&#8221;40px&#8221; box_shadow_spread_tablet=&#8221;0px&#8221; z_index_tablet=&#8221;500&#8243;]<\/p>\n<h3>Direito Previdenci\u00e1rio<\/h3>\n<p>O Direito Previdenci\u00e1rio tem como objetivo regulamentar a Seguridade Social, um sistema amplo que visa amparar o trabalhador e seus dependentes em caso de perda da capacidade de trabalho e em sua aposentadoria.<\/p>\n<p><strong>Lillian Salgado Sociedade de Advogados<\/strong> presta assessoria jur\u00eddica aos aposentados e pensionistas, ajuizando a\u00e7\u00f5es de revis\u00e3o de benef\u00edcios previdenci\u00e1rios, tanto na Previd\u00eancia Social (INSS), quanto na Previd\u00eancia Privada.<\/p>\n<p>\u00a0<\/p>\n<h4>Planejamento Previdenci\u00e1rio<\/h4>\n<p>Realiza\u00e7\u00e3o de pareceres e planejamento previdenci\u00e1rio individualizado sobre sua situa\u00e7\u00e3o junto ao INSS.<br \/>Consultoria para quem deseja programar ou revisar sua aposentadoria.<\/p>\n<p><a href=\"https:\/\/lilliansalgado.com.br\/site\/baixe-nossas-cartilhas\/\" target=\"_blank\" rel=\"noopener noreferrer\">BAIXE CARTILHA DE PLANEJAMENTO PREVIDENCI\u00c1RIO<\/a><\/p>\n<p>\u00a0<\/p>\n<h4>Concess\u00f5es e Revis\u00f5es Administrativas<\/h4>\n<p>Realiza\u00e7\u00e3o de pedidos e acompanhamento de concess\u00e3o e revis\u00e3o administrativa de benef\u00edcios, com acesso ao INSS Digital, trazendo agilidade, seguran\u00e7a e comodidade para os clientes.<\/p>\n<p>\u00a0<\/p>\n<h4>A\u00e7\u00f5es contra o INSS<\/h4>\n<p>Infelizmente, de forma arbitr\u00e1ria, o INSS muitas vezes n\u00e3o reconhece o direito de um trabalhador receber um benef\u00edcio ou n\u00e3o concede o benef\u00edcio de forma correta e em tempo h\u00e1bil.<\/p>\n<p>Essas s\u00e3o as principais teses nas quais o escrit\u00f3rio Lillian Salgado Sociedade de Advogados Atua:<\/p>\n<ul>\n<li><strong>Concess\u00e3o de Benef\u00edcios:<\/strong> o escrit\u00f3rio \u00e9 especialista em a\u00e7\u00f5es em face do INSS para concess\u00e3o de benef\u00edcios negados de forma administrativa.<\/li>\n<li><strong>Aposentadoria Especial:<\/strong> \u00c9 concedida aos trabalhadores que tenham sido expostos a agentes nocivos, por pelo menos 25 anos (Lei n. 8.213\/91). O benef\u00edcio \u00e9 chamado de aposentadoria especial, pois \u00e9 concedido precocemente se comparado \u00e0 regra geral de aposentadoria. Sobre a aposentadoria especial n\u00e3o incide fator previdenci\u00e1rio por tempo de contribui\u00e7\u00e3o. Aquele que n\u00e3o completou o tempo de 25 anos, pode converter o tempo para a aposentadoria por tempo de contribui\u00e7\u00e3o.<\/li>\n<li><strong>Revis\u00e3o de Benef\u00edcios:<\/strong> s\u00e3o in\u00fameras as teses revisionais realizadas pelo escrit\u00f3rio, dentre elas o abate teto; buraco negro; revis\u00e3o da vida inteira; inclus\u00e3o de tempo como militar e aluno aprendiz; inclus\u00e3o de tempo especial; inclus\u00e3o de tempo em atividade rural; aposentadoria por invalidez; revis\u00e3o do IRSM; revis\u00f5es decorrentes de a\u00e7\u00f5es trabalhistas; revis\u00e3o mediante apresenta\u00e7\u00e3o de certid\u00e3o de tempo de contribui\u00e7\u00e3o, dentre outros.<\/li>\n<li><strong>Previd\u00eancia para Anistiados:<\/strong> Os empregados p\u00fablicos que foram demitidos de forma il\u00edcita, no per\u00edodo de 16\/03\/1990 a 30\/09\/1992, podem requerer em ju\u00edzo o reconhecimento do per\u00edodo compreendido entre a data da demiss\u00e3o arbitr\u00e1ria e a data da efetiva reintegra\u00e7\u00e3o no respectivo emprego p\u00fablico.<\/li>\n<\/ul>\n<p><a href=\"https:\/\/lilliansalgado.com.br\/site\/baixe-nossas-cartilhas\/\" target=\"_blank\" rel=\"noopener noreferrer\">Saiba mais fazendo o download da cartilha abaixo.<\/a><\/p>\n<p>Acr\u00e9scimo de 25% a benef\u00edcios previdenci\u00e1rios de segurados que necessitam de aux\u00edlio permanente de terceiros.<\/p>\n<p>Isen\u00e7\u00e3o de pagamento de imposto de renda no benef\u00edcio previdenci\u00e1rio: segurados que se aposentaram em virtude de acidentes, doen\u00e7as do trabalho ou devido a doen\u00e7as graves, podem requerer a n\u00e3o incid\u00eancia do imposto de renda no benef\u00edcio previdenci\u00e1rio, aumentando o valor mensal recebido.<\/p>\n<p>\u00a0<\/p>\n<h4>PREVID\u00caNCIA PRIVADA<\/h4>\n<p>Atuais abusos de fundos de pens\u00e3o s\u00e3o alvo das a\u00e7\u00f5es de revis\u00e3o com vistas a averiguar e corrigir diferen\u00e7as existentes na suplementa\u00e7\u00e3o. O escrit\u00f3rio Lillian Salgado Sociedade de Advogados conta com especialistas, contadores e atu\u00e1rios para estudar caso a caso e realizar pareceres atuariais individualizados, antes do ingresso da a\u00e7\u00e3o.<\/p>\n<p><strong>O escrit\u00f3rio atua na defesa dos aposentados contra os fundos de pens\u00e3o, questionando:<\/strong><\/p>\n<p style=\"padding-left: 40px;\">1 \u2013 Reajustes indevidos e altera\u00e7\u00f5es do regulamento do Fundo de Pens\u00e3o<\/p>\n<p style=\"padding-left: 40px;\">2 \u2013 Distribui\u00e7\u00e3o equivocada do Super\u00e1vit t\u00e9cnico:<\/p>\n<p style=\"padding-left: 40px;\">3 \u2013 Expurgos Inflacion\u00e1rios:<\/p>\n<p style=\"padding-left: 40px;\">4 \u2013 Bitributa\u00e7\u00e3o<\/p>\n<p>\u00a0<\/p>\n<h4>Principais Associa\u00e7\u00f5es Representadas:<\/h4>\n<ul>\n<li>Deapes (Departamento de Aposentados do Sindicato dos Trabalhadores da Copasa);<\/li>\n<li>Sindagua (Sindicato dos Trabalhadores nas Ind\u00fastrias de Purifica\u00e7\u00e3o e Distribui\u00e7\u00e3o de \u00c1gua e em Servi\u00e7os de Esgotos do Estado de Minas Gerais);<\/li>\n<li>Sindimetro (Sindicato dos Metrovi\u00e1rios de Minas Gerais);<\/li>\n<li>Aposvale BH (Associa\u00e7\u00e3o dos Aposentados, Pensionistas e Empregados das Empresas Patrocinadoras da VALIA);<\/li>\n<li>Astaptel (Associa\u00e7\u00e3o dos Trabalhadores Aposentados, Pensionistas e Participantes de Planos de Previd\u00eancia Complementar do Setor de Telecomunica\u00e7\u00f5es em Minas Gerais);<\/li>\n<li>Ap\u00f3s prodemge- ASSOCIACAO DOS APOSENTADOS DA PRODEMGE<\/li>\n<li>SINTERT \u2013 Sindicato dos Trabalhadores em empresas de Radiodifus\u00e3o e Televis\u00e3o do Estado de Minas Gerais.<\/li>\n<li>SINDNAPI \u2013 Sindicato Nacional dos Aposentados, Pensionistas e Idosos.<\/li>\n<\/ul>\n<p>\u00a0<\/p>\n<h4>Processo Coletivo<img loading=\"lazy\" decoding=\"async\" class=\"alignright wp-image-359\" src=\"https:\/\/lilliansalgado.com.br\/site\/wp-content\/uploads\/2019\/11\/livro-direito.jpg\" alt=\"\" width=\"312\" height=\"208\" srcset=\"https:\/\/lilliansalgado.com.br\/site\/wp-content\/uploads\/2019\/11\/livro-direito.jpg 350w, https:\/\/lilliansalgado.com.br\/site\/wp-content\/uploads\/2019\/11\/livro-direito-300x200.jpg 300w\" sizes=\"auto, (max-width: 312px) 100vw, 312px\" \/><\/h4>\n<p>Todo indiv\u00edduo \u00e9 titular de direitos. Mas existem direitos que ultrapassam o \u00e2mbito estritamente individual. Em sentido amplo, esses direitos s\u00e3o chamados de direitos coletivos. Quando um direito coletivo n\u00e3o \u00e9 respeitado, muitas pessoas s\u00e3o prejudicadas e o Minist\u00e9rio P\u00fablico ou entidades legitimadas (sindicatos ou associa\u00e7\u00f5es civis) podem ajuizar a a\u00e7\u00e3o coletiva em defesa da coletividade.<\/p>\n<p>As a\u00e7\u00f5es coletivas de consumo asseguram uma prote\u00e7\u00e3o efetiva dos direitos vulnerados no \u00e2mbito de uma sociedade de consumo de massa.<\/p>\n<p>Evita-se, assim, a pulveriza\u00e7\u00e3o de lit\u00edgios similares e, ao mesmo tempo, assegura-se a economia processual e a efetividade na defesa dos direitos positivados na legisla\u00e7\u00e3o p\u00e1tria.<\/p>\n<p>As A\u00e7\u00f5es Coletivas n\u00e3o s\u00e3o privativas de ningu\u00e9m, estas pertencem a toda a coletividade. Assim, qualquer cidad\u00e3o poder\u00e1 se beneficiar por uma senten\u00e7a procedente transitada em julgado, pois os seus efeitos t\u00eam efic\u00e1cia erga omnes.<\/p>\n<p>O escrit\u00f3rio Lillian Salgado Sociedade de Advogados tem ampla atua\u00e7\u00e3o na defesa dos Direitos Coletivos, com a presta\u00e7\u00e3o de servi\u00e7os para entidades civis legitimadas ao ajuizamento das a\u00e7\u00f5es coletivas.<\/p>\n<p>[\/et_pb_text][\/et_pb_column_inner][\/et_pb_row_inner][\/et_pb_column][\/et_pb_section]<\/p>\n","protected":false},"excerpt":{"rendered":"<p>[et_pb_section bb_built=&#8221;1&#8243; specialty=&#8221;on&#8221; inner_width_tablet=&#8221;50px&#8221; inner_max_width_tablet=&#8221;100px&#8221; inner_max_width_phone=&#8221;50px&#8221; _builder_version=&#8221;3.25.4&#8243; background_color=&#8221;#5b5b5f&#8221; box_shadow_horizontal_tablet=&#8221;0px&#8221; box_shadow_vertical_tablet=&#8221;0px&#8221; box_shadow_blur_tablet=&#8221;40px&#8221; box_shadow_spread_tablet=&#8221;0px&#8221; z_index_tablet=&#8221;500&#8243;][et_pb_column type=&#8221;1_3&#8243;][et_pb_sidebar _builder_version=&#8221;3.25.4&#8243; area=&#8221;sidebar-7&#8243; text_shadow_horizontal_length=&#8221;text_shadow_style,%91object Object%93&#8243; text_shadow_horizontal_length_tablet=&#8221;0px&#8221; text_shadow_vertical_length=&#8221;text_shadow_style,%91object Object%93&#8243; text_shadow_vertical_length_tablet=&#8221;0px&#8221; text_shadow_blur_strength=&#8221;text_shadow_style,%91object Object%93&#8243; text_shadow_blur_strength_tablet=&#8221;1px&#8221; header_text_shadow_horizontal_length=&#8221;header_text_shadow_style,%91object Object%93&#8243; header_text_shadow_horizontal_length_tablet=&#8221;0px&#8221; header_text_shadow_vertical_length=&#8221;header_text_shadow_style,%91object Object%93&#8243; header_text_shadow_vertical_length_tablet=&#8221;0px&#8221; header_text_shadow_blur_strength=&#8221;header_text_shadow_style,%91object Object%93&#8243; header_text_shadow_blur_strength_tablet=&#8221;1px&#8221; body_text_shadow_horizontal_length=&#8221;body_text_shadow_style,%91object Object%93&#8243; body_text_shadow_horizontal_length_tablet=&#8221;0px&#8221; body_text_shadow_vertical_length=&#8221;body_text_shadow_style,%91object Object%93&#8243; body_text_shadow_vertical_length_tablet=&#8221;0px&#8221; body_text_shadow_blur_strength=&#8221;body_text_shadow_style,%91object Object%93&#8243; body_text_shadow_blur_strength_tablet=&#8221;1px&#8221; box_shadow_horizontal_tablet=&#8221;0px&#8221; box_shadow_vertical_tablet=&#8221;0px&#8221; box_shadow_blur_tablet=&#8221;40px&#8221; box_shadow_spread_tablet=&#8221;0px&#8221; z_index_tablet=&#8221;500&#8243; show_border=&#8221;off&#8221; header_text_color=&#8221;#ffffff&#8221; header_font_size=&#8221;22px&#8221; custom_margin=&#8221;|||25px&#8221; body_text_color=&#8221;#ffffff&#8221; body_font_size=&#8221;22px&#8221; body_font=&#8221;Yanone [&hellip;]<\/p>\n","protected":false},"author":1,"featured_media":0,"parent":0,"menu_order":0,"comment_status":"closed","ping_status":"closed","template":"","meta":{"_et_pb_use_builder":"on","_et_pb_old_content":"","_exactmetrics_skip_tracking":false,"_exactmetrics_sitenote_active":false,"_exactmetrics_sitenote_note":"","_exactmetrics_sitenote_category":0,"footnotes":""},"class_list":["post-83","page","type-page","status-publish","hentry"],"_links":{"self":[{"href":"https:\/\/lilliansalgado.com.br\/site\/wp-json\/wp\/v2\/pages\/83","targetHints":{"allow":["GET"]}}],"collection":[{"href":"https:\/\/lilliansalgado.com.br\/site\/wp-json\/wp\/v2\/pages"}],"about":[{"href":"https:\/\/lilliansalgado.com.br\/site\/wp-json\/wp\/v2\/types\/page"}],"author":[{"embeddable":true,"href":"https:\/\/lilliansalgado.com.br\/site\/wp-json\/wp\/v2\/users\/1"}],"replies":[{"embeddable":true,"href":"https:\/\/lilliansalgado.com.br\/site\/wp-json\/wp\/v2\/comments?post=83"}],"version-history":[{"count":24,"href":"https:\/\/lilliansalgado.com.br\/site\/wp-json\/wp\/v2\/pages\/83\/revisions"}],"predecessor-version":[{"id":808,"href":"https:\/\/lilliansalgado.com.br\/site\/wp-json\/wp\/v2\/pages\/83\/revisions\/808"}],"wp:attachment":[{"href":"https:\/\/lilliansalgado.com.br\/site\/wp-json\/wp\/v2\/media?parent=83"}],"curies":[{"name":"wp","href":"https:\/\/api.w.org\/{rel}","templated":true}]}}